{"id":3,"date":"2023-11-20T10:56:21","date_gmt":"2023-11-20T10:56:21","guid":{"rendered":"https:\/\/ilgaressino.it\/?page_id=3"},"modified":"2023-12-19T14:02:31","modified_gmt":"2023-12-19T14:02:31","slug":"privacy-policy","status":"publish","type":"page","link":"https:\/\/ilgaressino.it\/?page_id=3","title":{"rendered":"Privacy Policy"},"content":{"rendered":"<h1>INFORMATIVA PER IL TRATTAMENTO DI DATI<\/h1>\n<p>In questa pagina si descrivono le modalit\u00e0 di gestione del sito in riferimento al trattamento dei dati personali degli utenti che lo consultano, nonch\u00e9 modalit\u00e0 e finalit\u00e0 di trattamento dei dati personali.<\/p>\n<p>Si tratta di un\u2019informativa resa anche ai sensi del&#8217;art.13-14 Reg.to UE 2016\/679 a coloro che interagiscono con i servizi web accessibili per via telematica a partire dall\u2019indirizzo: www.ilgaressino.it<\/p>\n<p>L&#8217;informativa \u00e8 resa solo per il sito in oggetto e non anche per altri siti Web eventualmente consultabili tramite i nostri links, di cui Proloco Garessio non \u00e8 in alcun modo responsabile.<\/p>\n<p>Proloco Garessio nella qualit\u00e0 di Titolare del trattamento dei Suoi dati personali, ai sensi e per gli effetti del Reg.to UE 2016\/679 &#8211; GDPR, con la presente La informa che la citata normativa prevede la tutela degli interessati rispetto al trattamento dei dati personali e che tale trattamento sar\u00e0 improntato ai principi di correttezza, liceit\u00e0, trasparenza e di tutela della Sua riservatezza e dei Suoi diritti.<\/p>\n<p>I Suoi dati personali verranno trattati in accordo alle disposizioni legislative della normativa sopra richiamata e degli obblighi di riservatezza ivi previsti.<\/p>\n<h2>TIPI DI DATI TRATTATI<\/h2>\n<h3>Dati di Navigazione<\/h3>\n<p>I sistemi informatici e le procedure software preposte al funzionamento di questo sito web acquisiscono, nel corso del loro normale esercizio, alcuni dati personali la cui trasmissione \u00e8 implicita nell&#8217;uso dei protocolli di comunicazione di Internet. Si tratta d&#8217;informazioni che non sono raccolte per essere associate ad interessati identificati, ma che per loro stessa natura potrebbero, attraverso elaborazioni ed associazioni con dati detenuti da terzi, permettere di identificare gli utenti. In questa categoria di dati rientrano gli indirizzi IP o i nomi a dominio dei computer utilizzati dagli utenti che si connettono al sito, gli indirizzi in notazione URI (Uniform Resource Identifier) delle risorse richieste, l&#8217;orario della richiesta, il metodo utilizzato nel sottoporre la richiesta al server, la dimensione del file ottenuto in risposta, il codice numerico indicante lo stato della risposta data dal server (buon fine, errore, ecc.) ed altri parametri relativi al sistema operativo e all&#8217;ambiente informatico dell&#8217;utente. Questi dati sono utilizzati al solo fine di ricavare informazioni statistiche anonime sull&#8217;uso del sito e per controllarne il corretto funzionamento e vengono cancellati immediatamente dopo l&#8217;elaborazione. I dati potrebbero essere utilizzati per l&#8217;accertamento di responsabilit\u00e0 in caso di ipotetici reati informatici ai danni del sito.<\/p>\n<h3>Dati forniti volontariamente dall&#8217;utente<\/h3>\n<p>L&#8217;invio facoltativo, esplicito e volontario di posta elettronica agli indirizzi indicati su questo sito, cos\u00ec come la compilazione dei form per l\u2019invio di richieste specifiche comportano la successiva acquisizione dell&#8217;indirizzo del mittente, necessario per rispondere alle richieste, nonch\u00e9 degli eventuali altri dati personali inseriti nella missiva o nel form.<br \/>\nSpecifiche informative di sintesi vengono riportate o visualizzate nelle pagine del sito predisposte per particolari servizi a richiesta.<\/p>\n<h2>CONSEGUENZE DEL RIFIUTO DI CONFERIMENTO DEI DATI <\/h2>\n<p>A parte quanto specificato per i dati di navigazione, l&#8217;utente \u00e8 libero di fornire i dati personali riportati nei moduli di richiesta, di iscrizione a mailing list o comunque indicati in contatti per sollecitare l&#8217;invio di materiale informativo, tecnico o commerciale o di altre comunicazioni. Il loro mancato conferimento pu\u00f2 comportare l&#8217;impossibilit\u00e0 di ottenere quanto richiesto.<\/p>\n<h2>MODALITA&#8217; DEL TRATTAMENTO<\/h2>\n<p>I dati vengono trattati principalmente con strumenti elettronici e informatici e memorizzati sia su supporti informatici che su supporti cartacei che su ogni altro tipo di supporto idoneo, nel rispetto delle modalit\u00e0 di cui agli artt. 6, 32 del GDPR e mediante l&#8217;adozione delle adeguate misure di sicurezza previste. per prevenire la perdita di dati, usi illeciti o non corretti ed accessi non autorizzati.<\/p>\n<p>La informiamo che, per fornire un servizio completo il nostro portale potrebbe contenere link ad altri siti web, non gestiti da noi. Non siamo responsabili di errori, contenuti, cookies, pubblicazioni di contenuto morale illecito, pubblicit\u00e0, banner o files non conformi alle disposizioni normative vigenti e del rispetto della normativa Privacy da parte di siti da noi gestiti a cui si fa riferimento. Per migliorare il servizio offerto \u00e8 gradita una immediata segnalazione di malfunzionamenti, abusi o suggerimenti all\u2019indirizzo di posta elettronica: info@ilgaressino.it<br \/>\nI suoi dati saranno trattati unicamente da personale espressamente autorizzato dal Titolare.<\/p>\n<h2>FINALITA\u2019 DEL TRATTAMENTO<\/h2>\n<p>Il trattamento dei dati verr\u00e0 effettuato per:<br \/>\n&#8211; dare la possibilit\u00e0 di accedere alle sezioni pubbliche e\/o riservate del sito;<br \/>\n&#8211; dare esecuzione all&#8217;attivazione e alla manutenzione di eventuali servizi sottoscritti on-line;<br \/>\n&#8211; eseguire gli obblighi previsti da leggi o regolamenti;<br \/>\n&#8211; la tutela del Titolare in sede giudiziaria;<br \/>\n&#8211; inviare materiale informativo di natura commerciale o promozionale<br \/>\n&#8211; consentire il monitoraggio costante sull&#8217;efficacia del servizio proposto.<\/p>\n<h2>SOGGETTI A CUI POTRANNO ESSERE COMUNICATI I DATI PERSONALI<\/h2>\n<p>I dati personali relativi al trattamento in questione possono essere comunicati anche a soggetti a cui sia riconosciuta la facolt\u00e0 di accedere ai Vostri dati personali da norme di legge o di normative secondarie e\/o comunitarie. Inoltre alcuni dati possono essere comunicati e diffusi agli operatori internet di Proloco Garessio si avvale per la gestione dei propri domini. La diffusione dei dati raccolti non \u00e8 prevista.<\/p>\n<h2>PERIODO DI CONSERVAZIONE DEI DATI<\/h2>\n<p>Le segnaliamo che, nel rispetto dei principi di liceit\u00e0, limitazione delle finalit\u00e0 e minimizzazione dei dati, ai sensi dell\u2019art. 5 del GDPR, il periodo di conservazione dei Suoi dati personali \u00e8 pari ad anni 15. Alla scadenza del suddetto periodo di conservazione, i dati personali verranno automaticamente cancellati.<\/p>\n<h2>DIRITTI DEGLI INTERESSATI<\/h2>\n<p>Reg.to UE 2016\/679: Artt. 15, 16, 17, 18, 19, 20, 21, 22 &#8211; Diritti dell&#8217;Interessato<\/p>\n<p>1. L&#8217;interessato ha diritto di ottenere la conferma dell&#8217;esistenza o meno di dati personali che lo riguardano, anche se non ancora registrati, e la loro comunicazione in forma intelligibile.<\/p>\n<p>2. L&#8217;interessato ha diritto di ottenere l&#8217;indicazione:<br \/>\na.\tdell&#8217;origine dei dati personali;<br \/>\nb.\tdelle finalit\u00e0 e modalit\u00e0 del trattamento;<br \/>\nc.\tdella logica applicata in caso di trattamento effettuato con l&#8217;ausilio di strumenti elettronici;<br \/>\nd.\tdegli estremi identificativi del titolare, dei responsabili e del rappresentante designato ai sensi dell&#8217;articolo 5, comma 2;<br \/>\ne.\tdei soggetti o delle categorie di soggetti ai quali i dati personali possono essere comunicati o che possono venirne a conoscenza in qualit\u00e0 di rappresentante designato nel territorio dello Stato, di responsabili o incaricati.<\/p>\n<p>3. L&#8217;interessato ha diritto di ottenere:<br \/>\na.\tl&#8217;aggiornamento, la rettificazione ovvero, quando vi ha interesse, l&#8217;integrazione dei dati;<br \/>\nb.\tla cancellazione, la trasformazione in forma anonima o il blocco dei dati trattati in violazione di legge, compresi quelli di cui non \u00e8 necessaria la conservazione in relazione agli scopi per i quali i dati sono stati raccolti o successivamente trattati;<br \/>\nc.\tl&#8217;attestazione che le operazioni di cui alle lettere a) e b) sono state portate a conoscenza, anche per quanto riguarda il loro contenuto, di coloro ai quali i dati sono stati comunicati o diffusi, eccettuato il caso in cui tale adempimento si rivela impossibile o comporta un impiego di mezzi<br \/>\nd.\tmanifestamente sproporzionato rispetto al diritto tutelato;<br \/>\ne.\tla portabilit\u00e0 dei dati.<\/p>\n<p>4. L&#8217;interessato ha diritto di opporsi, in tutto o in parte:<br \/>\na.\tper motivi legittimi al trattamento dei dati personali che lo riguardano, ancorch\u00e9 pertinenti allo scopo della raccolta;<br \/>\nb.\tal trattamento di dati personali che lo riguardano a fini di invio di materiale pubblicitario o di vendita diretta o per il compimento di ricerche di<br \/>\nc.\tmercato o di comunicazione commerciale<\/p>\n<h2>IL TITOLARE DEL TRATTAMENTO<\/h2>\n<p>Titolare del trattamento \u00e8 Proloco Garessio, con sede in Via Campo Sportivo, 1 &#8211; 12075 Garessio CN.<\/p>\n<p>L\u2019utente ha diritto di ottenere dal titolare la cancellazione (diritto all&#8217;oblio), la limitazione, l&#8217;aggiornamento, la rettificazione, la portabilit\u00e0, l&#8217;opposizione al trattamento dei dati personali che La riguardano, nonch\u00e9 in generale pu\u00f2 esercitare tutti i diritti previsti dagli artt. 15, 16, 17, 18, 19, 20, 21, 22 del GDPR.<\/p>\n<p>Per esercitare i diritti sopra elencati, l&#8217;interessato dovr\u00e0 rivolgere richiesta scritta attraverso e-mail. L&#8217;e-mail va indirizzata a: info@ilgaressino.it<\/p>\n<p>&nbsp;<\/p>\n<h2>DATI DI NAVIGAZIONE E STATISTICI RACCOLTI DA TERZE PARTI<\/h2>\n<p>Come ormai consuetudine in Internet, questo sito utilizza strumenti di analisi statistica erogati e gestiti da terze parti che possono raccogliere e \u201ctracciare\u201d alcuni dati di navigazione.<\/p>\n<p>Essendo raccolti da strumenti ed aziende diverse rispetto al gestore del sito, tali dati non sono fisicamente in possesso di Proloco Garessio che pu\u00f2 utilizzarli solamente in consultazione, ma non ha possibilit\u00e0 di modificarli o cancellarli autonomamente. Per tali operazioni e per conoscere approfonditamente la privacy policy applicata a tali dati \u00e8 necessario che l\u2019utente si rivolga direttamente al Titolare, ovvero all\u2019Azienda che eroga direttamente il servizio statistico utilizzato.<\/p>\n<p>Gli strumenti appartenenti a terze parti utilizzati all\u2019interno di questo sito sono i seguenti:<\/p>\n<p>&#8211; Google Analytics e Google Maps (entrambi erogati da: Google Inc. 1600 Amphitheatre Parkway &#8211; Mountain View CA 94043, USA)<\/p>\n<h2>INFORMAZIONI RELATIVE A GOOGLE ANALYTICS<\/h2>\n<p>Questo sito web utilizza Google Analytics, un servizio di analisi web fornito da Google, Inc. (&#8220;Google&#8221;). Google Analytics utilizza dei &#8220;cookies&#8221;, che sono file di testo che vengono depositati sul Vostro computer per consentire al sito web di analizzare come gli utenti utilizzano il sito. Le informazioni generate dal cookie sull&#8217;utilizzo del sito web da parte Vostra (compreso il Vostro indirizzo IP) verranno trasmesse a, e depositate presso i server di Google negli Stati Uniti. Google utilizzer\u00e0 queste informazioni allo scopo di tracciare e esaminare il Vostro utilizzo del sito web, compilare report sulle attivit\u00e0 del sito web per gli operatori del sito web e fornire altri servizi relativi alle attivit\u00e0 del sito web e all&#8217;utilizzo di Internet. Google pu\u00f2 anche trasferire queste informazioni a terzi ove ci\u00f2 sia imposto dalla legge o laddove tali terzi trattino le suddette informazioni per conto di Google. Google non assocer\u00e0 il vostro indirizzo IP a nessun altro dato posseduto da Google. Potete rifiutarvi di usare i cookies selezionando l&#8217;impostazione appropriata sul vostro browser, ma ci\u00f2 potrebbe impedirvi di utilizzare tutte le funzionalit\u00e0 di questo sito web. Utilizzando il presente sito web, voi acconsentite al trattamento dei Vostri dati da parte di Google per le modalit\u00e0 e i fini sopraindicati. Indirizzi utili ai fini di meglio comprendere la privacy policy di Google Analytics:<br \/>\n&#8211; <a href=\"http:\/\/www.google.com\/analytics\/terms\/it.html\" title=\"Termini e condizioni\" target=\"_blank\" rel=\"noopener\">Termini e condizioni<\/a><br \/>\n&#8211; <a href=\"http:\/\/www.google.com\/privacypolicy.html\" title=\"Privacy\" target=\"_blank\" rel=\"noopener\">Privacy<\/a><\/p>\n<p>Se non volete che i vostri dati vengano raccolti da Google Analytics, potete anche scaricare il plugin ufficiale di &#8220;opt out&#8221; per il vostro browser, <a href=\"https:\/\/tools.google.com\/dlpage\/gaoptout?hl=it\" target=\"_blank\" rel=\"noopener\">cliccando qui<\/a>.<\/p>\n<p>Eventuali richieste relative ai dati inerente a questo trattamento essere rivolte al Titolare (Google Inc.).<\/p>\n\n\n<div id=\"cookiefirst-policy-page\"><\/div>\n<div>Questa politica sui cookie \u00e8 stata creata e aggiornata da <a href=\"https:\/\/cookiefirst.com\/it\/cookie-consent\/\" target=\"_blank\" rel=\"noopener\">Cookie Consent &#8211; CookieFirst<\/a>.<\/div>\n<div id=\"cookiefirst-cookies-table\"><\/div>\n<div>Questa tabella dei cookie \u00e8 stata creata e aggiornata dalla <a href=\"https:\/\/cookiefirst.com\/it\/cookie-banner\/\" target=\"_blank\" rel=\"noopener\">CookieFirst Cookie Banner<\/a>.<\/div>\n","protected":false},"excerpt":{"rendered":"<p>INFORMATIVA PER IL TRATTAMENTO DI DATI In questa pagina si descrivono le modalit\u00e0 di gestione del sito in riferimento al trattamento dei dati personali degli utenti che lo consultano, nonch\u00e9 modalit\u00e0 e finalit\u00e0 di trattamento dei dati personali. Si tratta di un\u2019informativa resa anche ai sensi del&#8217;art.13-14 Reg.to UE 2016\/679 a coloro che interagiscono con [&hellip;]<\/p>\n","protected":false},"author":1,"featured_media":0,"parent":0,"menu_order":0,"comment_status":"closed","ping_status":"closed","template":"","meta":{"footnotes":""},"class_list":["post-3","page","type-page","status-publish","hentry"],"_links":{"self":[{"href":"https:\/\/ilgaressino.it\/index.php?rest_route=\/wp\/v2\/pages\/3","targetHints":{"allow":["GET"]}}],"collection":[{"href":"https:\/\/ilgaressino.it\/index.php?rest_route=\/wp\/v2\/pages"}],"about":[{"href":"https:\/\/ilgaressino.it\/index.php?rest_route=\/wp\/v2\/types\/page"}],"author":[{"embeddable":true,"href":"https:\/\/ilgaressino.it\/index.php?rest_route=\/wp\/v2\/users\/1"}],"replies":[{"embeddable":true,"href":"https:\/\/ilgaressino.it\/index.php?rest_route=%2Fwp%2Fv2%2Fcomments&post=3"}],"version-history":[{"count":5,"href":"https:\/\/ilgaressino.it\/index.php?rest_route=\/wp\/v2\/pages\/3\/revisions"}],"predecessor-version":[{"id":89909,"href":"https:\/\/ilgaressino.it\/index.php?rest_route=\/wp\/v2\/pages\/3\/revisions\/89909"}],"wp:attachment":[{"href":"https:\/\/ilgaressino.it\/index.php?rest_route=%2Fwp%2Fv2%2Fmedia&parent=3"}],"curies":[{"name":"wp","href":"https:\/\/api.w.org\/{rel}","templated":true}]}}