{"id":87234,"date":"2022-08-27T07:10:32","date_gmt":"2022-08-27T07:10:32","guid":{"rendered":"https:\/\/tothetheme.com\/erlinews\/?page_id=87234"},"modified":"2023-12-21T15:28:57","modified_gmt":"2023-12-21T15:28:57","slug":"il-progetto","status":"publish","type":"page","link":"https:\/\/ilgaressino.it\/?page_id=87234","title":{"rendered":"Il progetto"},"content":{"rendered":"\t\t<div data-elementor-type=\"wp-page\" data-elementor-id=\"87234\" class=\"elementor elementor-87234\">\n\t\t\t\t\t\t<section class=\"elementor-section elementor-top-section elementor-element elementor-element-794384e8 elementor-section-boxed elementor-section-height-default elementor-section-height-default\" data-id=\"794384e8\" data-element_type=\"section\" data-e-type=\"section\" data-settings=\"{&quot;background_background&quot;:&quot;classic&quot;}\">\n\t\t\t\t\t\t<div class=\"elementor-container elementor-column-gap-default\">\n\t\t\t\t\t<div class=\"elementor-column elementor-col-100 elementor-top-column elementor-element elementor-element-3913f87c\" data-id=\"3913f87c\" data-element_type=\"column\" data-e-type=\"column\">\n\t\t\t<div class=\"elementor-widget-wrap elementor-element-populated\">\n\t\t\t\t\t\t<section class=\"elementor-section elementor-inner-section elementor-element elementor-element-798107f3 elementor-section-boxed elementor-section-height-default elementor-section-height-default\" data-id=\"798107f3\" data-element_type=\"section\" data-e-type=\"section\">\n\t\t\t\t\t\t<div class=\"elementor-container elementor-column-gap-default\">\n\t\t\t\t\t<div class=\"elementor-column elementor-col-100 elementor-inner-column elementor-element elementor-element-5f4790e6\" data-id=\"5f4790e6\" data-element_type=\"column\" data-e-type=\"column\">\n\t\t\t<div class=\"elementor-widget-wrap\">\n\t\t\t\t\t\t\t<\/div>\n\t\t<\/div>\n\t\t\t\t\t<\/div>\n\t\t<\/section>\n\t\t\t\t\t<\/div>\n\t\t<\/div>\n\t\t\t\t\t<\/div>\n\t\t<\/section>\n\t\t\t\t<section class=\"elementor-section elementor-top-section elementor-element elementor-element-3090df5c elementor-section-boxed elementor-section-height-default elementor-section-height-default\" data-id=\"3090df5c\" data-element_type=\"section\" data-e-type=\"section\" data-settings=\"{&quot;background_background&quot;:&quot;classic&quot;}\">\n\t\t\t\t\t\t<div class=\"elementor-container elementor-column-gap-default\">\n\t\t\t\t\t<div class=\"elementor-column elementor-col-100 elementor-top-column elementor-element elementor-element-174bdfb4\" data-id=\"174bdfb4\" data-element_type=\"column\" data-e-type=\"column\">\n\t\t\t<div class=\"elementor-widget-wrap elementor-element-populated\">\n\t\t\t\t\t\t<div class=\"elementor-element elementor-element-b513fd3 elementor-widget elementor-widget-text-editor\" data-id=\"b513fd3\" data-element_type=\"widget\" data-e-type=\"widget\" data-widget_type=\"text-editor.default\">\n\t\t\t\t<div class=\"elementor-widget-container\">\n\t\t\t\t\t\t\t\t\t<p>Il Garessino nasce dalla volont\u00e0 di esprimersi, far sentire la propria voce, dare una lettura dall&#8217;interno della realt\u00e0 locale.<br \/>Non \u00e8 un semplice resoconto di fatti accaduti, n\u00e9 un elenco di eventi e manifestazioni, ma uno spazio per riflettere sul nostro paese e conoscerlo meglio.<br \/>Grazie al supporto della Proloco di Garessio, il nostro attaccamento ai luoghi in cui viviamo trova un efficace mezzo per contribuire alla valorizzazione degli stessi. Da oggi, le notizie riguardanti gli avvenimenti di interesse locale e le manifestazioni, i nostri approfondimenti e varie rubriche (e molto altro ancora) saranno disponibili su questo giornale, che ci auguriamo possa, nel tempo, essere sempre pi\u00f9 arricchito dalla collaborazione di quanti desiderino partecipare.<\/p>\t\t\t\t\t\t\t\t<\/div>\n\t\t\t\t<\/div>\n\t\t\t\t<div class=\"elementor-element elementor-element-35575b3 elementor-widget elementor-widget-spacer\" data-id=\"35575b3\" data-element_type=\"widget\" data-e-type=\"widget\" data-widget_type=\"spacer.default\">\n\t\t\t\t<div class=\"elementor-widget-container\">\n\t\t\t\t\t\t\t<div class=\"elementor-spacer\">\n\t\t\t<div class=\"elementor-spacer-inner\"><\/div>\n\t\t<\/div>\n\t\t\t\t\t\t<\/div>\n\t\t\t\t<\/div>\n\t\t\t\t<div class=\"elementor-element elementor-element-01f237d elementor-widget elementor-widget-image-carousel\" data-id=\"01f237d\" data-element_type=\"widget\" data-e-type=\"widget\" data-settings=\"{&quot;navigation&quot;:&quot;none&quot;,&quot;autoplay&quot;:&quot;no&quot;,&quot;infinite&quot;:&quot;no&quot;,&quot;speed&quot;:500}\" data-widget_type=\"image-carousel.default\">\n\t\t\t\t<div class=\"elementor-widget-container\">\n\t\t\t\t\t\t\t<div class=\"elementor-image-carousel-wrapper swiper\" role=\"region\" aria-roledescription=\"carousel\" aria-label=\"Carosello d&#039;immagini\" dir=\"ltr\">\n\t\t\t<div class=\"elementor-image-carousel swiper-wrapper\" aria-live=\"polite\">\n\t\t\t\t\t\t\t\t<div class=\"swiper-slide\" role=\"group\" aria-roledescription=\"slide\" aria-label=\"1 di 3\"><figure class=\"swiper-slide-inner\"><img decoding=\"async\" class=\"swiper-slide-image\" src=\"https:\/\/ilgaressino.it\/wp-content\/uploads\/2023\/12\/garessio-motagna-1.jpg\" alt=\"garessio-motagna\" \/><\/figure><\/div><div class=\"swiper-slide\" role=\"group\" aria-roledescription=\"slide\" aria-label=\"2 di 3\"><figure class=\"swiper-slide-inner\"><img decoding=\"async\" class=\"swiper-slide-image\" src=\"https:\/\/ilgaressino.it\/wp-content\/uploads\/2023\/12\/garessio-serata-1.jpg\" alt=\"garessio-serata\" \/><\/figure><\/div><div class=\"swiper-slide\" role=\"group\" aria-roledescription=\"slide\" aria-label=\"3 di 3\"><figure class=\"swiper-slide-inner\"><img decoding=\"async\" class=\"swiper-slide-image\" src=\"https:\/\/ilgaressino.it\/wp-content\/uploads\/2023\/12\/garessio-panchina-1.jpg\" alt=\"garessio-panchina\" \/><\/figure><\/div>\t\t\t<\/div>\n\t\t\t\t\t\t\t\n\t\t\t\t\t\t\t\t\t<\/div>\n\t\t\t\t\t\t<\/div>\n\t\t\t\t<\/div>\n\t\t\t\t\t<\/div>\n\t\t<\/div>\n\t\t\t\t\t<\/div>\n\t\t<\/section>\n\t\t\t\t<\/div>\n\t\t","protected":false},"excerpt":{"rendered":"<p>COME NASCE IL GARESSINO Il Garessino nasce dalla volont\u00e0 di esprimersi, far sentire la propria voce, dare una lettura dall&#8217;interno della realt\u00e0 locale.Non \u00e8 un semplice resoconto di fatti accaduti, n\u00e9 un elenco di eventi e manifestazioni, ma uno spazio per riflettere sul nostro paese e conoscerlo meglio.Grazie al supporto della Proloco di Garessio, il [&hellip;]<\/p>\n","protected":false},"author":1,"featured_media":0,"parent":0,"menu_order":0,"comment_status":"closed","ping_status":"closed","template":"custom-frontpage-notop.php","meta":{"footnotes":""},"class_list":["post-87234","page","type-page","status-publish","hentry"],"_links":{"self":[{"href":"https:\/\/ilgaressino.it\/index.php?rest_route=\/wp\/v2\/pages\/87234","targetHints":{"allow":["GET"]}}],"collection":[{"href":"https:\/\/ilgaressino.it\/index.php?rest_route=\/wp\/v2\/pages"}],"about":[{"href":"https:\/\/ilgaressino.it\/index.php?rest_route=\/wp\/v2\/types\/page"}],"author":[{"embeddable":true,"href":"https:\/\/ilgaressino.it\/index.php?rest_route=\/wp\/v2\/users\/1"}],"replies":[{"embeddable":true,"href":"https:\/\/ilgaressino.it\/index.php?rest_route=%2Fwp%2Fv2%2Fcomments&post=87234"}],"version-history":[{"count":16,"href":"https:\/\/ilgaressino.it\/index.php?rest_route=\/wp\/v2\/pages\/87234\/revisions"}],"predecessor-version":[{"id":90095,"href":"https:\/\/ilgaressino.it\/index.php?rest_route=\/wp\/v2\/pages\/87234\/revisions\/90095"}],"wp:attachment":[{"href":"https:\/\/ilgaressino.it\/index.php?rest_route=%2Fwp%2Fv2%2Fmedia&parent=87234"}],"curies":[{"name":"wp","href":"https:\/\/api.w.org\/{rel}","templated":true}]}}